{"id":33,"date":"2025-12-13T18:08:49","date_gmt":"2025-12-13T18:08:49","guid":{"rendered":"https:\/\/www.tarihatlas.com\/?page_id=33"},"modified":"2025-12-13T18:08:49","modified_gmt":"2025-12-13T18:08:49","slug":"biz-kimiz","status":"publish","type":"page","link":"https:\/\/www.tarihatlas.com\/?page_id=33","title":{"rendered":"Biz Kimiz"},"content":{"rendered":"\n<p>Tarih Atlas, ge\u00e7mi\u015fte ya\u015fanan \u00f6nemli olaylar\u0131, tarihi ki\u015filikleri ve d\u00f6n\u00fcm noktalar\u0131n\u0131 herkes i\u00e7in anla\u015f\u0131l\u0131r, sade ve tarafs\u0131z bir \u015fekilde sunmay\u0131 ama\u00e7layan bir bilgi sitesidir.<\/p>\n\n\n\n<p>Amac\u0131m\u0131z; tarihi yaln\u0131zca ezberlenen bir ders olmaktan \u00e7\u0131kar\u0131p, g\u00fcn g\u00fcn takip edilebilen, okurken merak uyand\u0131ran ve g\u00fcvenilir bir kaynak haline getirmektir.<\/p>\n\n\n\n<p>Tarih Atlas&#8217;ta yer alan i\u00e7erikler, farkl\u0131 kaynaklardan derlenerek haz\u0131rlan\u0131r ve okuyucuya \u00f6zet, net ve eri\u015filebilir bir anlat\u0131mla sunar.<\/p>\n","protected":false},"excerpt":{"rendered":"<p>Tarih Atlas, ge\u00e7mi\u015fte ya\u015fanan \u00f6nemli olaylar\u0131, tarihi ki\u015filikleri ve d\u00f6n\u00fcm noktalar\u0131n\u0131 herkes i\u00e7in anla\u015f\u0131l\u0131r, sade ve tarafs\u0131z bir \u015fekilde sunmay\u0131 [&hellip;]<\/p>\n","protected":false},"author":1,"featured_media":0,"parent":0,"menu_order":0,"comment_status":"closed","ping_status":"closed","template":"","meta":{"_acf_changed":false,"site-sidebar-layout":"default","site-content-layout":"","ast-site-content-layout":"default","site-content-style":"default","site-sidebar-style":"default","ast-global-header-display":"","ast-banner-title-visibility":"","ast-main-header-display":"","ast-hfb-above-header-display":"","ast-hfb-below-header-display":"","ast-hfb-mobile-header-display":"","site-post-title":"","ast-breadcrumbs-content":"","ast-featured-img":"","footer-sml-layout":"","ast-disable-related-posts":"","theme-transparent-header-meta":"","adv-header-id-meta":"","stick-header-meta":"","header-above-stick-meta":"","header-main-stick-meta":"","header-below-stick-meta":"","astra-migrate-meta-layouts":"default","ast-page-background-enabled":"default","ast-page-background-meta":{"desktop":{"background-color":"var(--ast-global-color-5)","background-image":"","background-repeat":"repeat","background-position":"center center","background-size":"auto","background-attachment":"scroll","background-type":"","background-media":"","overlay-type":"","overlay-color":"","overlay-opacity":"","overlay-gradient":""},"tablet":{"background-color":"","background-image":"","background-repeat":"repeat","background-position":"center center","background-size":"auto","background-attachment":"scroll","background-type":"","background-media":"","overlay-type":"","overlay-color":"","overlay-opacity":"","overlay-gradient":""},"mobile":{"background-color":"","background-image":"","background-repeat":"repeat","background-position":"center center","background-size":"auto","background-attachment":"scroll","background-type":"","background-media":"","overlay-type":"","overlay-color":"","overlay-opacity":"","overlay-gradient":""}},"ast-content-background-meta":{"desktop":{"background-color":"var(--ast-global-color-4)","background-image":"","background-repeat":"repeat","background-position":"center center","background-size":"auto","background-attachment":"scroll","background-type":"","background-media":"","overlay-type":"","overlay-color":"","overlay-opacity":"","overlay-gradient":""},"tablet":{"background-color":"var(--ast-global-color-4)","background-image":"","background-repeat":"repeat","background-position":"center center","background-size":"auto","background-attachment":"scroll","background-type":"","background-media":"","overlay-type":"","overlay-color":"","overlay-opacity":"","overlay-gradient":""},"mobile":{"background-color":"var(--ast-global-color-4)","background-image":"","background-repeat":"repeat","background-position":"center center","background-size":"auto","background-attachment":"scroll","background-type":"","background-media":"","overlay-type":"","overlay-color":"","overlay-opacity":"","overlay-gradient":""}},"footnotes":""},"class_list":["post-33","page","type-page","status-publish","hentry"],"acf":[],"_links":{"self":[{"href":"https:\/\/www.tarihatlas.com\/index.php?rest_route=\/wp\/v2\/pages\/33","targetHints":{"allow":["GET"]}}],"collection":[{"href":"https:\/\/www.tarihatlas.com\/index.php?rest_route=\/wp\/v2\/pages"}],"about":[{"href":"https:\/\/www.tarihatlas.com\/index.php?rest_route=\/wp\/v2\/types\/page"}],"author":[{"embeddable":true,"href":"https:\/\/www.tarihatlas.com\/index.php?rest_route=\/wp\/v2\/users\/1"}],"replies":[{"embeddable":true,"href":"https:\/\/www.tarihatlas.com\/index.php?rest_route=%2Fwp%2Fv2%2Fcomments&post=33"}],"version-history":[{"count":1,"href":"https:\/\/www.tarihatlas.com\/index.php?rest_route=\/wp\/v2\/pages\/33\/revisions"}],"predecessor-version":[{"id":40,"href":"https:\/\/www.tarihatlas.com\/index.php?rest_route=\/wp\/v2\/pages\/33\/revisions\/40"}],"wp:attachment":[{"href":"https:\/\/www.tarihatlas.com\/index.php?rest_route=%2Fwp%2Fv2%2Fmedia&parent=33"}],"curies":[{"name":"wp","href":"https:\/\/api.w.org\/{rel}","templated":true}]}}